{"id":827,"date":"2019-01-09T16:44:01","date_gmt":"2019-01-09T16:44:01","guid":{"rendered":"https:\/\/educa4you.pt\/forum\/?page_id=827"},"modified":"2021-09-01T10:46:00","modified_gmt":"2021-09-01T10:46:00","slug":"politica_de_privacidade","status":"publish","type":"page","link":"https:\/\/educa4you.pt\/forum\/politica_de_privacidade\/","title":{"rendered":"Pol\u00edtica de Privacidade"},"content":{"rendered":"<p>Queremos que voc\u00ea entenda as raz\u00f5es pelas quais a Comunidade Educa4YOU recolhe, usa e compartilha informa\u00e7\u00f5es sobre voc\u00ea quando usa o nosso site ou quando voc\u00ea de outra forma interage connosco ou recebe uma comunica\u00e7\u00e3o nossa. Esta Pol\u00edtica de Privacidade aplica-se a todos os nossos Servi\u00e7os.<\/p>\n<h2>O que recolhemos<\/h2>\n<h5>Informa\u00e7\u00f5es que voc\u00ea nos fornece<\/h5>\n<p>N\u00f3s recolhemos informa\u00e7\u00f5es que voc\u00ea nos fornece diretamente quando voc\u00ea usa os Servi\u00e7os. Isso inclui:<\/p>\n<p><em>Informa\u00e7\u00e3o da conta.<\/em> Para criar uma conta, voc\u00ea deve fornecer um email e password. Seu nome de utilizador \u00e9 p\u00fablico e n\u00e3o precisa estar relacionado ao seu nome real. Tamb\u00e9m armazenamos as prefer\u00eancias e configura\u00e7\u00f5es da sua conta de utilizador.<\/p>\n<p><em>Conte\u00fado que voc\u00ea envia.<\/em> N\u00f3s recolhemos o conte\u00fado que voc\u00ea envia para os Servi\u00e7os. Isso inclui os seus posts e respostas, incluindo rascunhos salvos e seus relat\u00f3rios e outras comunica\u00e7\u00f5es com moderadores e connosco. Seu conte\u00fado pode incluir texto, links, imagens e gifs.<\/p>\n<p><em>As suas a\u00e7\u00f5es.<\/em> N\u00f3s recolhemos informa\u00e7\u00f5es sobre as a\u00e7\u00f5es que voc\u00ea toma ao usar os Servi\u00e7os. Isso inclui suas intera\u00e7\u00f5es com o conte\u00fado, como votar, salvar, ocultar e gerar relat\u00f3rios. Ele tamb\u00e9m inclui suas intera\u00e7\u00f5es com outros utilizadores. Recolhemos suas intera\u00e7\u00f5es com as comunidades, como suas inscri\u00e7\u00f5es ou status de moderador.<\/p>\n<p><em>Outras informa\u00e7\u00f5es.<\/em> Voc\u00ea pode optar por fornecer outras informa\u00e7\u00f5es diretamente para n\u00f3s. Por exemplo, podemos recolher informa\u00e7\u00f5es quando voc\u00ea preenche um formul\u00e1rio, participa em atividades ou promo\u00e7\u00f5es patrocinadas por n\u00f3s, solicita um emprego, solicita suporte ao cliente ou comunica connosco.<\/p>\n<h5>Informa\u00e7\u00f5es que recolhemos automaticamente<\/h5>\n<p>Quando voc\u00ea acede ou usa nossos Servi\u00e7os, tamb\u00e9m podemos recolher automaticamente informa\u00e7\u00f5es sobre voc\u00ea. Isso inclui:<\/p>\n<p><em>Dados de log e uso.<\/em> Podemos registar informa\u00e7\u00f5es quando voc\u00ea acede e usa os Servi\u00e7os. Isso pode incluir seu endere\u00e7o IP, string de agente do utilizador, tipo de navegador, sistema operacional, URLs de refer\u00eancia, informa\u00e7\u00f5es do dispositivo (por exemplo, IDs de dispositivo), p\u00e1ginas visitadas, links clicados, URL solicitado, configura\u00e7\u00f5es de hardware e termos de pesquisa.<\/p>\n<p><em>Informa\u00e7\u00f5es recolhidas de cookies e tecnologias similares.<\/em> Podemos receber informa\u00e7\u00f5es de cookies, que s\u00e3o partes de dados que seu navegador armazena e nos envia de volta ao fazer solicita\u00e7\u00f5es e tecnologias semelhantes. Usamos essas informa\u00e7\u00f5es para melhorar sua experi\u00eancia, entender a atividade do utilizador, personalizar conte\u00fado e an\u00fancios e melhorar a qualidade dos nossos servi\u00e7os. Por exemplo, armazenamos e recuperamos informa\u00e7\u00f5es sobre seu idioma preferido e outras configura\u00e7\u00f5es.<\/p>\n<p><em>Informa\u00e7\u00f5es de localiza\u00e7\u00e3o.<\/em> Podemos receber e processar informa\u00e7\u00f5es sobre sua localiza\u00e7\u00e3o. Por exemplo, com o seu consentimento, podemos coletar informa\u00e7\u00f5es sobre o local espec\u00edfico do seu dispositivo m\u00f3vel (por exemplo, usando GPS ou Bluetooth). Tamb\u00e9m poderemos receber informa\u00e7\u00f5es de localiza\u00e7\u00e3o quando voc\u00ea optar por compartilhar tais informa\u00e7\u00f5es em nossos Servi\u00e7os, inclusive associando o seu conte\u00fado a um local, ou poderemos derivar sua localiza\u00e7\u00e3o aproximada de outras informa\u00e7\u00f5es sobre voc\u00ea, incluindo seu endere\u00e7o IP.<\/p>\n<h5>Informa\u00e7\u00f5es recolhidas de outras fontes<\/h5>\n<p>Podemos receber informa\u00e7\u00f5es sobre voc\u00ea de outras fontes, inclusive de outros usu\u00e1rios e terceiros, e combinar essas informa\u00e7\u00f5es com as outras informa\u00e7\u00f5es que temos sobre voc\u00ea. Por exemplo, podemos receber informa\u00e7\u00f5es demogr\u00e1ficas ou de interesses sobre voc\u00ea de terceiros, incluindo anunciantes, e combin\u00e1-las com nossos pr\u00f3prios dados usando um identificador de conta comum, como um hash de um endere\u00e7o de e-mail ou um ID de dispositivo m\u00f3vel.<\/p>\n<p><em>Servi\u00e7os vinculados.<\/em> Se voc\u00ea autorizar ou vincular outros servi\u00e7os (por exemplo, aplicativos ou sites de terceiros) para aceder \u00e0 sua conta, nos iremos receber informa\u00e7\u00f5es sobre o uso desse servi\u00e7o quando este usar essa autoriza\u00e7\u00e3o. Servi\u00e7os de vincula\u00e7\u00e3o tamb\u00e9m podem fazer com que o outro servi\u00e7o nos envie informa\u00e7\u00f5es sobre sua conta com esse servi\u00e7o.<\/p>\n<p><em>Informa\u00e7\u00f5es recolhidas de integra\u00e7\u00f5es.<\/em> Tamb\u00e9m podemos receber informa\u00e7\u00f5es sobre voc\u00ea, incluindo dados de registo, utiliza\u00e7\u00e3o, informa\u00e7\u00f5es de cookies, de sites de terceiros que integram nossos Servi\u00e7os, incluindo nossas incorpora\u00e7\u00f5es, bot\u00f5es e tecnologia de publicidade.<\/p>\n<h2>Como usamos as informa\u00e7\u00f5es sobre si<\/h2>\n<p>N\u00f3s usamos informa\u00e7\u00f5es sobre voc\u00ea para:<\/p>\n<ul>\n<li>Fornecer, manter e melhorar os Servi\u00e7os;<\/li>\n<li>Pesquisar e desenvolver novos servi\u00e7os;<\/li>\n<li>Ajude a proteger a seguran\u00e7a da comunidade e dos nossos utilizadores, o que inclui o bloqueio de spammers suspeitos, o tratamento de abusos e o cumprimento do acordo de utilizador e das nossas outras pol\u00edticas;<\/li>\n<li>Enviar-lhe avisos t\u00e9cnicos, atualiza\u00e7\u00f5es, alertas de seguran\u00e7a e outras mensagens de suporte e administrativas;<\/li>\n<li>Fornecer atendimento ao cliente;<\/li>\n<li>Comunicar-lhe os produtos, servi\u00e7os, ofertas, promo\u00e7\u00f5es e eventos e fornecer outras not\u00edcias e informa\u00e7\u00f5es que acreditamos ser do seu interesse;<\/li>\n<li>Monitorar e analisar tend\u00eancias, uso e atividades em conex\u00e3o com nossos Servi\u00e7os;<\/li>\n<\/ul>\n<h2><strong>Acesso e controlo dos seus Dados Pessoais<\/strong><\/h2>\n<p>Possibilitamos, a seu pedido, o acesso, a retifica\u00e7\u00e3o e o apagamento dos dados pessoais. Tem tamb\u00e9m o direito de se opor ao processamento dos seus dados pessoais.<\/p>\n<p>Caso a utiliza\u00e7\u00e3o dos seus dados pessoais seja baseada no consentimento, tem o direito de o retirar, sem comprometer a validade do tratamento de dados efetuado at\u00e9 esse momento.<\/p>\n<p>Atrav\u00e9s do nosso email (<a href=\"mailto:geral@educa4you.pt\">geral@educa4you.pt<\/a>) pode solicitar:<\/p>\n<ul>\n<li>Informa\u00e7\u00e3o acerca dos seus dados;<\/li>\n<li>Informa\u00e7\u00e3o acerca do processamento;<\/li>\n<li>A finalidade subjacente ao tratamento;<\/li>\n<li>A corre\u00e7\u00e3o, ou atualiza\u00e7\u00e3o, de dados;<\/li>\n<li>Os seus dados num formato aberto;<\/li>\n<li>A elimina\u00e7\u00e3o dos dados, sem preju\u00edzo da legisla\u00e7\u00e3o aplic\u00e1vel ao tratamento em causa.<\/li>\n<\/ul>\n","protected":false},"excerpt":{"rendered":"<p>Queremos que voc\u00ea entenda as raz\u00f5es pelas quais a Comunidade Educa4YOU recolhe, usa e compartilha informa\u00e7\u00f5es sobre voc\u00ea quando usa o nosso site ou quando voc\u00ea de outra forma interage connosco ou recebe uma comunica\u00e7\u00e3o nossa. Esta Pol\u00edtica de Privacidade aplica-se a todos os nossos Servi\u00e7os. O que recolhemos Informa\u00e7\u00f5es que voc\u00ea nos fornece N\u00f3s&#8230;<\/p>\n","protected":false},"author":12,"featured_media":0,"parent":0,"menu_order":0,"comment_status":"closed","ping_status":"closed","template":"","meta":{"_bbp_topic_count":0,"_bbp_reply_count":0,"_bbp_total_topic_count":0,"_bbp_total_reply_count":0,"_bbp_voice_count":0,"_bbp_anonymous_reply_count":0,"_bbp_topic_count_hidden":0,"_bbp_reply_count_hidden":0,"_bbp_forum_subforum_count":0,"footnotes":""},"class_list":["post-827","page","type-page","status-publish","hentry"],"_links":{"self":[{"href":"https:\/\/educa4you.pt\/forum\/wp-json\/wp\/v2\/pages\/827","targetHints":{"allow":["GET"]}}],"collection":[{"href":"https:\/\/educa4you.pt\/forum\/wp-json\/wp\/v2\/pages"}],"about":[{"href":"https:\/\/educa4you.pt\/forum\/wp-json\/wp\/v2\/types\/page"}],"author":[{"embeddable":true,"href":"https:\/\/educa4you.pt\/forum\/wp-json\/wp\/v2\/users\/12"}],"replies":[{"embeddable":true,"href":"https:\/\/educa4you.pt\/forum\/wp-json\/wp\/v2\/comments?post=827"}],"version-history":[{"count":0,"href":"https:\/\/educa4you.pt\/forum\/wp-json\/wp\/v2\/pages\/827\/revisions"}],"wp:attachment":[{"href":"https:\/\/educa4you.pt\/forum\/wp-json\/wp\/v2\/media?parent=827"}],"curies":[{"name":"wp","href":"https:\/\/api.w.org\/{rel}","templated":true}]}}