{"id":3,"date":"2019-01-03T17:41:55","date_gmt":"2019-01-03T17:41:55","guid":{"rendered":"https:\/\/educa4you.pt\/forum\/?page_id=3"},"modified":"2019-01-14T15:05:08","modified_gmt":"2019-01-14T15:05:08","slug":"termos_e_condicoes","status":"publish","type":"page","link":"https:\/\/educa4you.pt\/forum\/termos_e_condicoes\/","title":{"rendered":"Termos e Condi\u00e7\u00f5es de Utiliza\u00e7\u00e3o"},"content":{"rendered":"<ul>\n<li>Nunca iremos dar ou vender os seus dados a terceiros.<\/li>\n<li>Educa4YOU usa Cookies, que permite uma melhor usabilidade do sistema.<\/li>\n<li>Pode pedir \u00e0 plataforma Educa4YOU o esquecimento, em que todos os dados da sua conta ser\u00e3o apagados, inclusive a sua pr\u00f3pria conta. Enviar email para geral@educa4you.pt.<\/li>\n<li>\u00c9 da responsabilidade do utilizador\/institui\u00e7\u00e3o os dados que coloca na plataforma relativo a terceiros.<\/li>\n<li>Na plataforma educa4YOU os t\u00e9cnicos fazem verifica\u00e7\u00f5es semanais para se certificar de toda a seguran\u00e7a dos dados.<\/li>\n<li>Para Resolu\u00e7\u00e3o Alternativa de Conflitos, CICAP &#8211; Tribunal Arbitral de Consumo. Rua Dami\u00e3o de G\u00f3is, 31 &#8211; Loja 6 &#8211; 4050-225 PORTO.<\/li>\n<li>Qualquer diferendo que resulte em tribunal, ser\u00e1 no Tribunal Judicial da Comarca de S\u00e3o Jo\u00e3o da Madeira.<\/li>\n<li>\n                    Educa4YOU \u00e9 uma marca registada que pertence \u00e0 empresa Systems4YOU, Lda com sede no Centro Empresarial e Tecnol\u00f3gico de S\u00e3o Jo\u00e3o da Madeira, na rua de Fund\u00f5es N151, 3700-121 S\u00e3o Jo\u00e3o da Madeira, Portugal.<\/p>\n<ul>\n<li>Contacto geral@educa4you.pt<\/li>\n<\/ul>\n<\/li>\n<li>A plataforma Educa4YOU funciona como um servi\u00e7o anual. Em caso de incumprimento poderemos bloquear o acesso \u00e0 plataforma.<\/li>\n<li>Se por algum motivo a plataforma ficar indispon\u00edvel, tentaremos resolver o mais rapidamente poss\u00edvel o problema, n\u00e3o podendo ser imputado qualquer custo \u00e0 plataforma Educa4YOU.<\/li>\n<li>Educa4YOU tem a sua base de dados e aplica\u00e7\u00e3o de servidor na Amazon Web Services e Heroku. Usamos onsignal, sendgrid e Google analitics.<\/li>\n<\/ul>\n","protected":false},"excerpt":{"rendered":"<p>Nunca iremos dar ou vender os seus dados a terceiros. Educa4YOU usa Cookies, que permite uma melhor usabilidade do sistema. Pode pedir \u00e0 plataforma Educa4YOU o esquecimento, em que todos os dados da sua conta ser\u00e3o apagados, inclusive a sua pr\u00f3pria conta. Enviar email para geral@educa4you.pt. \u00c9 da responsabilidade do utilizador\/institui\u00e7\u00e3o os dados que coloca&#8230;<\/p>\n","protected":false},"author":12,"featured_media":0,"parent":0,"menu_order":0,"comment_status":"closed","ping_status":"open","template":"","meta":{"_bbp_topic_count":0,"_bbp_reply_count":0,"_bbp_total_topic_count":0,"_bbp_total_reply_count":0,"_bbp_voice_count":0,"_bbp_anonymous_reply_count":0,"_bbp_topic_count_hidden":0,"_bbp_reply_count_hidden":0,"_bbp_forum_subforum_count":0,"footnotes":""},"class_list":["post-3","page","type-page","status-publish","hentry"],"_links":{"self":[{"href":"https:\/\/educa4you.pt\/forum\/wp-json\/wp\/v2\/pages\/3","targetHints":{"allow":["GET"]}}],"collection":[{"href":"https:\/\/educa4you.pt\/forum\/wp-json\/wp\/v2\/pages"}],"about":[{"href":"https:\/\/educa4you.pt\/forum\/wp-json\/wp\/v2\/types\/page"}],"author":[{"embeddable":true,"href":"https:\/\/educa4you.pt\/forum\/wp-json\/wp\/v2\/users\/12"}],"replies":[{"embeddable":true,"href":"https:\/\/educa4you.pt\/forum\/wp-json\/wp\/v2\/comments?post=3"}],"version-history":[{"count":0,"href":"https:\/\/educa4you.pt\/forum\/wp-json\/wp\/v2\/pages\/3\/revisions"}],"wp:attachment":[{"href":"https:\/\/educa4you.pt\/forum\/wp-json\/wp\/v2\/media?parent=3"}],"curies":[{"name":"wp","href":"https:\/\/api.w.org\/{rel}","templated":true}]}}