{"id":104,"date":"2018-03-29T19:08:37","date_gmt":"2018-03-29T19:08:37","guid":{"rendered":"http:\/\/placehold.it\/1400x1000?text=Placeholder.jpg"},"modified":"2019-01-14T15:33:46","modified_gmt":"2019-01-14T15:33:46","slug":"regras","status":"publish","type":"page","link":"https:\/\/educa4you.pt\/forum\/regras\/","title":{"rendered":"Regras"},"content":{"rendered":"<div id=\"pl-104\"  class=\"panel-layout\" ><div id=\"pg-104-0\"  class=\"panel-grid panel-no-style\" ><div id=\"pgc-104-0-0\"  class=\"panel-grid-cell\" ><div id=\"panel-104-0-0-0\" class=\"widget_text so-panel widget widget_custom_html panel-first-child\" data-index=\"0\" ><div class=\"widget_text regras panel-widget-style panel-widget-style-for-104-0-0-0\" ><div class=\"textwidget custom-html-widget\"><h1>Regras<\/h1>\n<p>Regras de Utiliza\u00e7\u00e3o da Comunidade<\/p><\/div><\/div><\/div><div id=\"panel-104-0-0-1\" class=\"so-panel widget widget_disputo-accordion\" data-index=\"1\" ><div\n\t\t\t\n\t\t\tclass=\"so-widget-disputo-accordion so-widget-disputo-accordion-base\"\n\t\t\t\n\t\t><div id=\"mp-accordion-1116570708\" data-children=\".mp-accordion-item\" class=\"mp-accordion\">\n    \n  <div class=\"mp-accordion-item\">\n    <a class=\"mp-accordion-title collapsed\" data-toggle=\"collapse\" data-parent=\"#mp-accordion-1116570708\" href=\"#mp-accordion-item-2012118224\" aria-expanded=\"false\" aria-controls=\"mp-accordion-item-2012118224\">\n    1 - As perguntas\/sugest\u00f5es devem ser claras e diretas    <\/a>\n    <div id=\"mp-accordion-item-2012118224\" class=\"collapse \" role=\"tabpanel\">\n      <div class=\"mp-accordion-content\"><p>Voc\u00ea deve postar uma pergunta\/sugest\u00e3o clara e direta no t\u00edtulo. O t\u00edtulo pode conter duas frases de contexto curtas e necess\u00e1rias. As suas respostas para a pergunta podem ir na sec\u00e7\u00e3o de coment\u00e1rios.<\/p>\n<\/div>\n    <\/div>\n  <\/div>\n<\/div>\n<\/div><\/div><div id=\"panel-104-0-0-2\" class=\"so-panel widget widget_disputo-accordion\" data-index=\"2\" ><div\n\t\t\t\n\t\t\tclass=\"so-widget-disputo-accordion so-widget-disputo-accordion-base\"\n\t\t\t\n\t\t><div id=\"mp-accordion-153789606\" data-children=\".mp-accordion-item\" class=\"mp-accordion\">\n    \n  <div class=\"mp-accordion-item\">\n    <a class=\"mp-accordion-title collapsed\" data-toggle=\"collapse\" data-parent=\"#mp-accordion-153789606\" href=\"#mp-accordion-item-2111512648\" aria-expanded=\"false\" aria-controls=\"mp-accordion-item-2111512648\">\n    2 - N\u00e3o \u00e9 permitido promo\u00e7\u00e3o\/publicidade pessoal ou profissional    <\/a>\n    <div id=\"mp-accordion-item-2111512648\" class=\"collapse \" role=\"tabpanel\">\n      <div class=\"mp-accordion-content\"><p>Posts que tentam promover uma agenda espec\u00edfica sua ou de qualquer outra pessoa, para ganhar publicidade, ou para envergonhar publicamente uma pessoa ou entidade ser\u00e3o removidas. Perguntas ret\u00f3ricas tamb\u00e9m ser\u00e3o removidas.<\/p>\n<\/div>\n    <\/div>\n  <\/div>\n<\/div>\n<\/div><\/div><div id=\"panel-104-0-0-3\" class=\"so-panel widget widget_disputo-accordion\" data-index=\"3\" ><div\n\t\t\t\n\t\t\tclass=\"so-widget-disputo-accordion so-widget-disputo-accordion-base\"\n\t\t\t\n\t\t><div id=\"mp-accordion-772429610\" data-children=\".mp-accordion-item\" class=\"mp-accordion\">\n    \n  <div class=\"mp-accordion-item\">\n    <a class=\"mp-accordion-title collapsed\" data-toggle=\"collapse\" data-parent=\"#mp-accordion-772429610\" href=\"#mp-accordion-item-730897196\" aria-expanded=\"false\" aria-controls=\"mp-accordion-item-730897196\">\n    3 - Nenhum pedido de bens ou servi\u00e7os    <\/a>\n    <div id=\"mp-accordion-item-730897196\" class=\"collapse \" role=\"tabpanel\">\n      <div class=\"mp-accordion-content\"><p>Solicitar dinheiro, bens, servi\u00e7os ou favores n\u00e3o \u00e9 permitido.<\/p>\n<\/div>\n    <\/div>\n  <\/div>\n<\/div>\n<\/div><\/div><div id=\"panel-104-0-0-4\" class=\"so-panel widget widget_disputo-accordion\" data-index=\"4\" ><div\n\t\t\t\n\t\t\tclass=\"so-widget-disputo-accordion so-widget-disputo-accordion-base\"\n\t\t\t\n\t\t><div id=\"mp-accordion-941018850\" data-children=\".mp-accordion-item\" class=\"mp-accordion\">\n    \n  <div class=\"mp-accordion-item\">\n    <a class=\"mp-accordion-title collapsed\" data-toggle=\"collapse\" data-parent=\"#mp-accordion-941018850\" href=\"#mp-accordion-item-36640552\" aria-expanded=\"false\" aria-controls=\"mp-accordion-item-36640552\">\n    4 - N\u00e3o h\u00e1 termos humilhantes ou ataques pessoais    <\/a>\n    <div id=\"mp-accordion-item-36640552\" class=\"collapse \" role=\"tabpanel\">\n      <div class=\"mp-accordion-content\"><p>Os moderadores t\u00eam o direito de remover conte\u00fado ou restringir os privil\u00e9gios de publica\u00e7\u00e3o dos utilizadores conforme necess\u00e1rio, se for considerado prejudicial para a comunidade ou para a experi\u00eancia dos outros.<\/p>\n<\/div>\n    <\/div>\n  <\/div>\n<\/div>\n<\/div><\/div><div id=\"panel-104-0-0-5\" class=\"so-panel widget widget_disputo-accordion panel-last-child\" data-index=\"5\" ><div\n\t\t\t\n\t\t\tclass=\"so-widget-disputo-accordion so-widget-disputo-accordion-base\"\n\t\t\t\n\t\t><div id=\"mp-accordion-821132040\" data-children=\".mp-accordion-item\" class=\"mp-accordion\">\n    \n  <div class=\"mp-accordion-item\">\n    <a class=\"mp-accordion-title collapsed\" data-toggle=\"collapse\" data-parent=\"#mp-accordion-821132040\" href=\"#mp-accordion-item-1541094564\" aria-expanded=\"false\" aria-controls=\"mp-accordion-item-1541094564\">\n    5 - Respostas em posts devem estar dentro do t\u00f3pico    <\/a>\n    <div id=\"mp-accordion-item-1541094564\" class=\"collapse \" role=\"tabpanel\">\n      <div class=\"mp-accordion-content\"><p>Respostas n\u00e3o podem conter piadas ou observa\u00e7\u00f5es fora do t\u00f3pico.<\/p>\n<\/div>\n    <\/div>\n  <\/div>\n<\/div>\n<\/div><\/div><\/div><\/div><\/div>","protected":false},"excerpt":{"rendered":"<p>Regras Regras de Utiliza\u00e7\u00e3o da Comunidade 1 &#8211; As perguntas\/sugest\u00f5es devem ser claras e diretas Voc\u00ea deve postar uma pergunta\/sugest\u00e3o clara e direta no t\u00edtulo. O t\u00edtulo pode conter duas frases de contexto curtas e necess\u00e1rias. As suas respostas para a pergunta podem ir na sec\u00e7\u00e3o de coment\u00e1rios. 2 &#8211; N\u00e3o \u00e9 permitido promo\u00e7\u00e3o\/publicidade pessoal&#8230;<\/p>\n","protected":false},"author":12,"featured_media":0,"parent":0,"menu_order":0,"comment_status":"closed","ping_status":"closed","template":"","meta":{"_bbp_topic_count":0,"_bbp_reply_count":0,"_bbp_total_topic_count":0,"_bbp_total_reply_count":0,"_bbp_voice_count":0,"_bbp_anonymous_reply_count":0,"_bbp_topic_count_hidden":0,"_bbp_reply_count_hidden":0,"_bbp_forum_subforum_count":0,"footnotes":""},"class_list":["post-104","page","type-page","status-publish","hentry"],"_links":{"self":[{"href":"https:\/\/educa4you.pt\/forum\/wp-json\/wp\/v2\/pages\/104","targetHints":{"allow":["GET"]}}],"collection":[{"href":"https:\/\/educa4you.pt\/forum\/wp-json\/wp\/v2\/pages"}],"about":[{"href":"https:\/\/educa4you.pt\/forum\/wp-json\/wp\/v2\/types\/page"}],"author":[{"embeddable":true,"href":"https:\/\/educa4you.pt\/forum\/wp-json\/wp\/v2\/users\/12"}],"replies":[{"embeddable":true,"href":"https:\/\/educa4you.pt\/forum\/wp-json\/wp\/v2\/comments?post=104"}],"version-history":[{"count":0,"href":"https:\/\/educa4you.pt\/forum\/wp-json\/wp\/v2\/pages\/104\/revisions"}],"wp:attachment":[{"href":"https:\/\/educa4you.pt\/forum\/wp-json\/wp\/v2\/media?parent=104"}],"curies":[{"name":"wp","href":"https:\/\/api.w.org\/{rel}","templated":true}]}}